{"id":7374,"date":"2025-09-09T15:26:58","date_gmt":"2025-09-09T13:26:58","guid":{"rendered":"https:\/\/toleranciano.sk\/dokumenty-na-zverejnenie\/"},"modified":"2025-09-23T09:35:57","modified_gmt":"2025-09-23T07:35:57","slug":"dokumenty-na-zverejnenie","status":"publish","type":"page","link":"https:\/\/toleranciano.sk\/hu\/dokumenty-na-zverejnenie\/","title":{"rendered":"K\u00f6zz\u00e9teend\u0151 dokumentumok"},"content":{"rendered":"<h2><a href=\"http:\/\/www.nasezmluvy.sk\/index.php?akcia=mojezmluvy&amp;u=97\"><strong><span style=\"color: #339966;\">Ezen a linken<\/span><\/strong> kereszt\u00fcl el\u00e9rheti a nasezmluvy.sk port\u00e1lt<\/a><\/h2>\n<p>&nbsp;<\/p>\n","protected":false},"excerpt":{"rendered":"<p>Ezen a linken kereszt\u00fcl el\u00e9rheti a nasezmluvy.sk port\u00e1lt &nbsp;<\/p>\n","protected":false},"author":2,"featured_media":0,"parent":0,"menu_order":0,"comment_status":"closed","ping_status":"closed","template":"","meta":{"ngg_post_thumbnail":0},"_links":{"self":[{"href":"https:\/\/toleranciano.sk\/hu\/wp-json\/wp\/v2\/pages\/7374"}],"collection":[{"href":"https:\/\/toleranciano.sk\/hu\/wp-json\/wp\/v2\/pages"}],"about":[{"href":"https:\/\/toleranciano.sk\/hu\/wp-json\/wp\/v2\/types\/page"}],"author":[{"embeddable":true,"href":"https:\/\/toleranciano.sk\/hu\/wp-json\/wp\/v2\/users\/2"}],"replies":[{"embeddable":true,"href":"https:\/\/toleranciano.sk\/hu\/wp-json\/wp\/v2\/comments?post=7374"}],"version-history":[{"count":4,"href":"https:\/\/toleranciano.sk\/hu\/wp-json\/wp\/v2\/pages\/7374\/revisions"}],"predecessor-version":[{"id":7379,"href":"https:\/\/toleranciano.sk\/hu\/wp-json\/wp\/v2\/pages\/7374\/revisions\/7379"}],"wp:attachment":[{"href":"https:\/\/toleranciano.sk\/hu\/wp-json\/wp\/v2\/media?parent=7374"}],"curies":[{"name":"wp","href":"https:\/\/api.w.org\/{rel}","templated":true}]}}