{"id":6408,"date":"2025-02-26T09:59:40","date_gmt":"2025-02-26T08:59:40","guid":{"rendered":"https:\/\/toleranciano.sk\/?page_id=6408"},"modified":"2025-02-26T13:01:23","modified_gmt":"2025-02-26T12:01:23","slug":"adomanyozza-nekunk-az-adoja-2-at","status":"publish","type":"page","link":"https:\/\/toleranciano.sk\/hu\/adomanyozza-nekunk-az-adoja-2-at\/","title":{"rendered":"Adom\u00e1nyozza nek\u00fcnk az ad\u00f3ja 2 %-\u00e1t"},"content":{"rendered":"<p><img class=\"wp-image-6406 aligncenter\" src=\"https:\/\/toleranciano.sk\/wp-content\/uploads\/2025\/02\/FB-banner_szurke_template-1024x1024-1-1024x1024.jpg\" alt=\"\" width=\"533\" height=\"533\" srcset=\"https:\/\/toleranciano.sk\/wp-content\/uploads\/2025\/02\/FB-banner_szurke_template-1024x1024-1.jpg 1024w, https:\/\/toleranciano.sk\/wp-content\/uploads\/2025\/02\/FB-banner_szurke_template-1024x1024-1-300x300.jpg 300w, https:\/\/toleranciano.sk\/wp-content\/uploads\/2025\/02\/FB-banner_szurke_template-1024x1024-1-150x150.jpg 150w, https:\/\/toleranciano.sk\/wp-content\/uploads\/2025\/02\/FB-banner_szurke_template-1024x1024-1-768x768.jpg 768w, https:\/\/toleranciano.sk\/wp-content\/uploads\/2025\/02\/FB-banner_szurke_template-1024x1024-1-146x146.jpg 146w, https:\/\/toleranciano.sk\/wp-content\/uploads\/2025\/02\/FB-banner_szurke_template-1024x1024-1-50x50.jpg 50w, https:\/\/toleranciano.sk\/wp-content\/uploads\/2025\/02\/FB-banner_szurke_template-1024x1024-1-75x75.jpg 75w, https:\/\/toleranciano.sk\/wp-content\/uploads\/2025\/02\/FB-banner_szurke_template-1024x1024-1-85x85.jpg 85w, https:\/\/toleranciano.sk\/wp-content\/uploads\/2025\/02\/FB-banner_szurke_template-1024x1024-1-80x80.jpg 80w\" sizes=\"(max-width: 533px) 100vw, 533px\" \/><\/p>\n<h1 style=\"text-align: center;\"><span style=\"color: #008000;\"><strong>Nyissuk meg sz\u00edv\u00fcnket egy j\u00f3 \u00fcgy\u00e9rt!<\/strong><strong><br \/>\n<\/strong><strong>K\u00e9rj\u00fck, adom\u00e1nyozza nek\u00fcnk ad\u00f3ja 2%-\u00e1t!<\/strong><\/span><\/h1>\n<p style=\"text-align: center;\">Ez\u00faton tisztelettel k\u00e9rj\u00fck seg\u00edts\u00e9g\u00fcket a&nbsp;TOLERANCIA22 nonprofit szervezet\u00fcnk<br \/>\nr\u00e9sz\u00e9re, amely szoci\u00e1lis \u00e9s eg\u00e9szs\u00e9g\u00fcgyi szolg\u00e1ltat\u00e1st ny\u00fajt az id\u0151s \u00e9s szoci\u00e1lis<br \/>\notthon, valamint a specializ\u00e1l\u00f3dott int\u00e9zm\u00e9ny\u00e9ben.<\/p>\n<p style=\"text-align: center;\">B\u0151vebb t\u00e1j\u00e9koztat\u00e1s elektronikus \u00faton,&nbsp;<strong><em>emailben office@toleranciano.sk, ill. az al\u00e1bbi<\/em><\/strong><br \/>\n<strong><em>telefonsz\u00e1mon kaphat\u00f3 0908766758.<\/em><\/strong><br \/>\nAz otthon lak\u00f3i nev\u00e9ben el\u0151re is k\u00f6sz\u00f6nj\u00fck!<\/p>\n<p style=\"text-align: center;\">&nbsp;<\/p>\n<p style=\"text-align: center;\">Dr. Juhos Ferenc<\/p>\n<p style=\"text-align: center;\">Igazgat\u00f3<\/p>\n<p style=\"text-align: center;\">TOLERANCIA22 n. o.<\/p>\n<p>&nbsp;<\/p>\n<h1 style=\"text-align: center;\"><span style=\"color: #008000;\"><strong>Nyomtatv\u00e1nyok:<\/strong><\/span><\/h1>\n<p style=\"text-align: center;\">VYHL\u00c1SENIE o pouk\u00e1zan\u00ed podielu zaplatenej dane z pr\u00edjmov fyzickej osoby<\/p>\n<p style=\"text-align: center;\"><a href=\"https:\/\/toleranciano.sk\/wp-content\/uploads\/2024\/01\/V2Pv21_V.pdf\">V2Pv21_V<\/a><\/p>\n<p style=\"text-align: center;\">POTVRDENIE o zaplaten\u00ed dane z pr\u00edjmov zo z\u00e1vislej \u010dinnosti&nbsp;<\/p>\n<p style=\"text-align: center;\"><a href=\"https:\/\/toleranciano.sk\/wp-content\/uploads\/2024\/01\/V2Pv18_P.pdf\">V2Pv18_P<\/a><\/p>\n<p>&nbsp;<\/p>\n","protected":false},"excerpt":{"rendered":"<p>Nyissuk meg sz\u00edv\u00fcnket egy j\u00f3 \u00fcgy\u00e9rt! K\u00e9rj\u00fck, adom\u00e1nyozza nek\u00fcnk ad\u00f3ja 2%-\u00e1t! Ez\u00faton tisztelettel k\u00e9rj\u00fck seg\u00edts\u00e9g\u00fcket a&nbsp;TOLERANCIA22 nonprofit szervezet\u00fcnk r\u00e9sz\u00e9re, amely szoci\u00e1lis \u00e9s eg\u00e9szs\u00e9g\u00fcgyi szolg\u00e1ltat\u00e1st ny\u00fajt az<span class=\"excerpt-hellip\"> [\u2026]<\/span><\/p>\n","protected":false},"author":2,"featured_media":0,"parent":0,"menu_order":0,"comment_status":"closed","ping_status":"closed","template":"","meta":{"ngg_post_thumbnail":0},"_links":{"self":[{"href":"https:\/\/toleranciano.sk\/hu\/wp-json\/wp\/v2\/pages\/6408"}],"collection":[{"href":"https:\/\/toleranciano.sk\/hu\/wp-json\/wp\/v2\/pages"}],"about":[{"href":"https:\/\/toleranciano.sk\/hu\/wp-json\/wp\/v2\/types\/page"}],"author":[{"embeddable":true,"href":"https:\/\/toleranciano.sk\/hu\/wp-json\/wp\/v2\/users\/2"}],"replies":[{"embeddable":true,"href":"https:\/\/toleranciano.sk\/hu\/wp-json\/wp\/v2\/comments?post=6408"}],"version-history":[{"count":0,"href":"https:\/\/toleranciano.sk\/hu\/wp-json\/wp\/v2\/pages\/6408\/revisions"}],"wp:attachment":[{"href":"https:\/\/toleranciano.sk\/hu\/wp-json\/wp\/v2\/media?parent=6408"}],"curies":[{"name":"wp","href":"https:\/\/api.w.org\/{rel}","templated":true}]}}