{"id":6353,"date":"2025-02-07T15:05:12","date_gmt":"2025-02-07T14:05:12","guid":{"rendered":"https:\/\/toleranciano.sk\/?page_id=6353"},"modified":"2026-01-29T14:10:36","modified_gmt":"2026-01-29T13:10:36","slug":"a-kovetkezo-allomasunk-a-vonat-megy-tovabb","status":"publish","type":"page","link":"https:\/\/toleranciano.sk\/hu\/a-kovetkezo-allomasunk-a-vonat-megy-tovabb\/","title":{"rendered":"A k\u00f6vetkez\u0151 \u00e1llom\u00e1sunk- a vonat megy tov\u00e1bb"},"content":{"rendered":"<p><img class=\"alignnone wp-image-7623\" src=\"https:\/\/toleranciano.sk\/wp-content\/uploads\/2026\/01\/bill-falusi-M-1024x482.jpg\" alt=\"\" width=\"1151\" height=\"542\" srcset=\"https:\/\/toleranciano.sk\/wp-content\/uploads\/2026\/01\/bill-falusi-M-scaled.jpg 1024w, https:\/\/toleranciano.sk\/wp-content\/uploads\/2026\/01\/bill-falusi-M-300x141.jpg 300w, https:\/\/toleranciano.sk\/wp-content\/uploads\/2026\/01\/bill-falusi-M-768x361.jpg 768w, https:\/\/toleranciano.sk\/wp-content\/uploads\/2026\/01\/bill-falusi-M-1536x723.jpg 1536w, https:\/\/toleranciano.sk\/wp-content\/uploads\/2026\/01\/bill-falusi-M-2048x964.jpg 2048w, https:\/\/toleranciano.sk\/wp-content\/uploads\/2026\/01\/bill-falusi-M-260x122.jpg 260w, https:\/\/toleranciano.sk\/wp-content\/uploads\/2026\/01\/bill-falusi-M-50x24.jpg 50w, https:\/\/toleranciano.sk\/wp-content\/uploads\/2026\/01\/bill-falusi-M-150x71.jpg 150w\" sizes=\"(max-width: 1151px) 100vw, 1151px\" \/><\/p>\n<p><img class=\"alignnone size-full wp-image-7544\" src=\"https:\/\/toleranciano.sk\/wp-content\/uploads\/2026\/01\/vitray-februar-20-jo.jpg\" alt=\"\" width=\"595\" height=\"842\" srcset=\"https:\/\/toleranciano.sk\/wp-content\/uploads\/2026\/01\/vitray-februar-20-jo.jpg 595w, https:\/\/toleranciano.sk\/wp-content\/uploads\/2026\/01\/vitray-februar-20-jo-212x300.jpg 212w, https:\/\/toleranciano.sk\/wp-content\/uploads\/2026\/01\/vitray-februar-20-jo-103x146.jpg 103w, https:\/\/toleranciano.sk\/wp-content\/uploads\/2026\/01\/vitray-februar-20-jo-35x50.jpg 35w, https:\/\/toleranciano.sk\/wp-content\/uploads\/2026\/01\/vitray-februar-20-jo-53x75.jpg 53w\" sizes=\"(max-width: 595px) 100vw, 595px\" \/><\/p>\n<p><img class=\"alignnone size-large wp-image-7382\" src=\"https:\/\/toleranciano.sk\/wp-content\/uploads\/2025\/10\/karacsonyi-fnal-1024x482.png\" alt=\"\" width=\"1024\" height=\"482\" srcset=\"https:\/\/toleranciano.sk\/wp-content\/uploads\/2025\/10\/karacsonyi-fnal-1024x482.png 1024w, https:\/\/toleranciano.sk\/wp-content\/uploads\/2025\/10\/karacsonyi-fnal-300x141.png 300w, https:\/\/toleranciano.sk\/wp-content\/uploads\/2025\/10\/karacsonyi-fnal-768x361.png 768w, https:\/\/toleranciano.sk\/wp-content\/uploads\/2025\/10\/karacsonyi-fnal-1536x722.png 1536w, https:\/\/toleranciano.sk\/wp-content\/uploads\/2025\/10\/karacsonyi-fnal-2048x963.png 2048w, https:\/\/toleranciano.sk\/wp-content\/uploads\/2025\/10\/karacsonyi-fnal-260x122.png 260w, https:\/\/toleranciano.sk\/wp-content\/uploads\/2025\/10\/karacsonyi-fnal-50x24.png 50w, https:\/\/toleranciano.sk\/wp-content\/uploads\/2025\/10\/karacsonyi-fnal-150x71.png 150w\" sizes=\"(max-width: 1024px) 100vw, 1024px\" \/><\/p>\n<p>&nbsp;<\/p>\n<p><img class=\"alignnone size-large wp-image-7334\" src=\"https:\/\/toleranciano.sk\/wp-content\/uploads\/2025\/09\/1000027963-724x1024.jpg\" alt=\"\" width=\"724\" height=\"1024\" srcset=\"https:\/\/toleranciano.sk\/wp-content\/uploads\/2025\/09\/1000027963-scaled.jpg 724w, https:\/\/toleranciano.sk\/wp-content\/uploads\/2025\/09\/1000027963-212x300.jpg 212w, https:\/\/toleranciano.sk\/wp-content\/uploads\/2025\/09\/1000027963-768x1086.jpg 768w, https:\/\/toleranciano.sk\/wp-content\/uploads\/2025\/09\/1000027963-1086x1536.jpg 1086w, https:\/\/toleranciano.sk\/wp-content\/uploads\/2025\/09\/1000027963-103x146.jpg 103w, https:\/\/toleranciano.sk\/wp-content\/uploads\/2025\/09\/1000027963-35x50.jpg 35w, https:\/\/toleranciano.sk\/wp-content\/uploads\/2025\/09\/1000027963-53x75.jpg 53w\" sizes=\"(max-width: 724px) 100vw, 724px\" \/><\/p>\n<p><img class=\"alignnone size-large wp-image-7215\" src=\"https:\/\/toleranciano.sk\/wp-content\/uploads\/2025\/06\/csillagfeny-plakat-keresztes-ildiko-768x1024.jpg\" alt=\"\" width=\"768\" height=\"1024\" srcset=\"https:\/\/toleranciano.sk\/wp-content\/uploads\/2025\/06\/csillagfeny-plakat-keresztes-ildiko-scaled.jpg 768w, https:\/\/toleranciano.sk\/wp-content\/uploads\/2025\/06\/csillagfeny-plakat-keresztes-ildiko-225x300.jpg 225w, https:\/\/toleranciano.sk\/wp-content\/uploads\/2025\/06\/csillagfeny-plakat-keresztes-ildiko-1152x1536.jpg 1152w, https:\/\/toleranciano.sk\/wp-content\/uploads\/2025\/06\/csillagfeny-plakat-keresztes-ildiko-1536x2048.jpg 1536w, https:\/\/toleranciano.sk\/wp-content\/uploads\/2025\/06\/csillagfeny-plakat-keresztes-ildiko-110x146.jpg 110w, https:\/\/toleranciano.sk\/wp-content\/uploads\/2025\/06\/csillagfeny-plakat-keresztes-ildiko-38x50.jpg 38w, https:\/\/toleranciano.sk\/wp-content\/uploads\/2025\/06\/csillagfeny-plakat-keresztes-ildiko-56x75.jpg 56w\" sizes=\"(max-width: 768px) 100vw, 768px\" \/><\/p>\n<p><img class=\"alignnone size-large wp-image-7212\" src=\"https:\/\/toleranciano.sk\/wp-content\/uploads\/2025\/06\/keresztes-nadszeg-1024x640.jpg\" alt=\"\" width=\"1024\" height=\"640\" srcset=\"https:\/\/toleranciano.sk\/wp-content\/uploads\/2025\/06\/keresztes-nadszeg-scaled.jpg 1024w, https:\/\/toleranciano.sk\/wp-content\/uploads\/2025\/06\/keresztes-nadszeg-300x188.jpg 300w, https:\/\/toleranciano.sk\/wp-content\/uploads\/2025\/06\/keresztes-nadszeg-768x480.jpg 768w, https:\/\/toleranciano.sk\/wp-content\/uploads\/2025\/06\/keresztes-nadszeg-234x146.jpg 234w, https:\/\/toleranciano.sk\/wp-content\/uploads\/2025\/06\/keresztes-nadszeg-50x31.jpg 50w, https:\/\/toleranciano.sk\/wp-content\/uploads\/2025\/06\/keresztes-nadszeg-120x75.jpg 120w\" sizes=\"(max-width: 1024px) 100vw, 1024px\" \/>&nbsp;<\/p>\n<p><img class=\"alignnone size-large wp-image-6600\" src=\"https:\/\/toleranciano.sk\/wp-content\/uploads\/2025\/04\/csillagfeny-plakat-illenyi-es-doka2-768x1024.jpg\" alt=\"\" width=\"768\" height=\"1024\" srcset=\"https:\/\/toleranciano.sk\/wp-content\/uploads\/2025\/04\/csillagfeny-plakat-illenyi-es-doka2-scaled.jpg 768w, https:\/\/toleranciano.sk\/wp-content\/uploads\/2025\/04\/csillagfeny-plakat-illenyi-es-doka2-225x300.jpg 225w, https:\/\/toleranciano.sk\/wp-content\/uploads\/2025\/04\/csillagfeny-plakat-illenyi-es-doka2-1152x1536.jpg 1152w, https:\/\/toleranciano.sk\/wp-content\/uploads\/2025\/04\/csillagfeny-plakat-illenyi-es-doka2-1536x2048.jpg 1536w, https:\/\/toleranciano.sk\/wp-content\/uploads\/2025\/04\/csillagfeny-plakat-illenyi-es-doka2-110x146.jpg 110w, https:\/\/toleranciano.sk\/wp-content\/uploads\/2025\/04\/csillagfeny-plakat-illenyi-es-doka2-38x50.jpg 38w, https:\/\/toleranciano.sk\/wp-content\/uploads\/2025\/04\/csillagfeny-plakat-illenyi-es-doka2-56x75.jpg 56w\" sizes=\"(max-width: 768px) 100vw, 768px\" \/><\/p>\n<p><img class=\"alignnone size-large wp-image-6602\" src=\"https:\/\/toleranciano.sk\/wp-content\/uploads\/2025\/04\/Nadszeg-majus7-1024x640.jpg\" alt=\"\" width=\"1024\" height=\"640\" srcset=\"https:\/\/toleranciano.sk\/wp-content\/uploads\/2025\/04\/Nadszeg-majus7-scaled.jpg 1024w, https:\/\/toleranciano.sk\/wp-content\/uploads\/2025\/04\/Nadszeg-majus7-300x188.jpg 300w, https:\/\/toleranciano.sk\/wp-content\/uploads\/2025\/04\/Nadszeg-majus7-768x480.jpg 768w, https:\/\/toleranciano.sk\/wp-content\/uploads\/2025\/04\/Nadszeg-majus7-234x146.jpg 234w, https:\/\/toleranciano.sk\/wp-content\/uploads\/2025\/04\/Nadszeg-majus7-50x31.jpg 50w, https:\/\/toleranciano.sk\/wp-content\/uploads\/2025\/04\/Nadszeg-majus7-120x75.jpg 120w\" sizes=\"(max-width: 1024px) 100vw, 1024px\" \/><\/p>\n<p><img class=\"alignnone size-large wp-image-6495\" src=\"https:\/\/toleranciano.sk\/wp-content\/uploads\/2025\/03\/csillagfeny-plakat-finito-768x1024.jpg\" alt=\"\" width=\"768\" height=\"1024\" srcset=\"https:\/\/toleranciano.sk\/wp-content\/uploads\/2025\/03\/csillagfeny-plakat-finito-scaled.jpg 768w, https:\/\/toleranciano.sk\/wp-content\/uploads\/2025\/03\/csillagfeny-plakat-finito-225x300.jpg 225w, https:\/\/toleranciano.sk\/wp-content\/uploads\/2025\/03\/csillagfeny-plakat-finito-1152x1536.jpg 1152w, https:\/\/toleranciano.sk\/wp-content\/uploads\/2025\/03\/csillagfeny-plakat-finito-1536x2048.jpg 1536w, https:\/\/toleranciano.sk\/wp-content\/uploads\/2025\/03\/csillagfeny-plakat-finito-110x146.jpg 110w, https:\/\/toleranciano.sk\/wp-content\/uploads\/2025\/03\/csillagfeny-plakat-finito-38x50.jpg 38w, https:\/\/toleranciano.sk\/wp-content\/uploads\/2025\/03\/csillagfeny-plakat-finito-56x75.jpg 56w\" sizes=\"(max-width: 768px) 100vw, 768px\" \/><\/p>\n<p><img class=\"alignnone size-large wp-image-6480\" src=\"https:\/\/toleranciano.sk\/wp-content\/uploads\/2025\/03\/Vasarut-allomas-1024x640.jpg\" alt=\"\" width=\"1024\" height=\"640\" srcset=\"https:\/\/toleranciano.sk\/wp-content\/uploads\/2025\/03\/Vasarut-allomas-scaled.jpg 1024w, https:\/\/toleranciano.sk\/wp-content\/uploads\/2025\/03\/Vasarut-allomas-300x188.jpg 300w, https:\/\/toleranciano.sk\/wp-content\/uploads\/2025\/03\/Vasarut-allomas-768x480.jpg 768w, https:\/\/toleranciano.sk\/wp-content\/uploads\/2025\/03\/Vasarut-allomas-234x146.jpg 234w, https:\/\/toleranciano.sk\/wp-content\/uploads\/2025\/03\/Vasarut-allomas-50x31.jpg 50w, https:\/\/toleranciano.sk\/wp-content\/uploads\/2025\/03\/Vasarut-allomas-120x75.jpg 120w\" sizes=\"(max-width: 1024px) 100vw, 1024px\" \/><\/p>\n<p><img class=\"alignnone size-large wp-image-6376\" src=\"https:\/\/toleranciano.sk\/wp-content\/uploads\/2025\/02\/csillagfeny-plakat2-768x1024.jpg\" alt=\"\" width=\"768\" height=\"1024\" srcset=\"https:\/\/toleranciano.sk\/wp-content\/uploads\/2025\/02\/csillagfeny-plakat2-scaled.jpg 768w, https:\/\/toleranciano.sk\/wp-content\/uploads\/2025\/02\/csillagfeny-plakat2-225x300.jpg 225w, https:\/\/toleranciano.sk\/wp-content\/uploads\/2025\/02\/csillagfeny-plakat2-1152x1536.jpg 1152w, https:\/\/toleranciano.sk\/wp-content\/uploads\/2025\/02\/csillagfeny-plakat2-1536x2048.jpg 1536w, https:\/\/toleranciano.sk\/wp-content\/uploads\/2025\/02\/csillagfeny-plakat2-110x146.jpg 110w, https:\/\/toleranciano.sk\/wp-content\/uploads\/2025\/02\/csillagfeny-plakat2-38x50.jpg 38w, https:\/\/toleranciano.sk\/wp-content\/uploads\/2025\/02\/csillagfeny-plakat2-56x75.jpg 56w\" sizes=\"(max-width: 768px) 100vw, 768px\" \/><\/p>\n<p><img class=\"alignnone size-large wp-image-6373\" src=\"https:\/\/toleranciano.sk\/wp-content\/uploads\/2025\/02\/nadszeg-kudlik-1024x640.jpg\" alt=\"\" width=\"1024\" height=\"640\" srcset=\"https:\/\/toleranciano.sk\/wp-content\/uploads\/2025\/02\/nadszeg-kudlik-scaled.jpg 1024w, https:\/\/toleranciano.sk\/wp-content\/uploads\/2025\/02\/nadszeg-kudlik-300x188.jpg 300w, https:\/\/toleranciano.sk\/wp-content\/uploads\/2025\/02\/nadszeg-kudlik-768x480.jpg 768w, https:\/\/toleranciano.sk\/wp-content\/uploads\/2025\/02\/nadszeg-kudlik-234x146.jpg 234w, https:\/\/toleranciano.sk\/wp-content\/uploads\/2025\/02\/nadszeg-kudlik-50x31.jpg 50w, https:\/\/toleranciano.sk\/wp-content\/uploads\/2025\/02\/nadszeg-kudlik-120x75.jpg 120w\" sizes=\"(max-width: 1024px) 100vw, 1024px\" \/><\/p>\n<p><img class=\"alignnone size-large wp-image-6275\" src=\"https:\/\/toleranciano.sk\/wp-content\/uploads\/2025\/01\/csillagfeny-plakat-768x1024.png\" alt=\"\" width=\"768\" height=\"1024\" srcset=\"https:\/\/toleranciano.sk\/wp-content\/uploads\/2025\/01\/csillagfeny-plakat-768x1024.png 768w, https:\/\/toleranciano.sk\/wp-content\/uploads\/2025\/01\/csillagfeny-plakat-225x300.png 225w, https:\/\/toleranciano.sk\/wp-content\/uploads\/2025\/01\/csillagfeny-plakat-1152x1536.png 1152w, https:\/\/toleranciano.sk\/wp-content\/uploads\/2025\/01\/csillagfeny-plakat-1536x2048.png 1536w, https:\/\/toleranciano.sk\/wp-content\/uploads\/2025\/01\/csillagfeny-plakat-110x146.png 110w, https:\/\/toleranciano.sk\/wp-content\/uploads\/2025\/01\/csillagfeny-plakat-38x50.png 38w, https:\/\/toleranciano.sk\/wp-content\/uploads\/2025\/01\/csillagfeny-plakat-56x75.png 56w\" sizes=\"(max-width: 768px) 100vw, 768px\" \/><\/p>\n<p><img class=\"alignnone size-full wp-image-6189\" src=\"https:\/\/toleranciano.sk\/wp-content\/uploads\/2024\/12\/ujevi-koncert.png\" alt=\"\" width=\"610\" height=\"772\" srcset=\"https:\/\/toleranciano.sk\/wp-content\/uploads\/2024\/12\/ujevi-koncert.png 610w, https:\/\/toleranciano.sk\/wp-content\/uploads\/2024\/12\/ujevi-koncert-237x300.png 237w, https:\/\/toleranciano.sk\/wp-content\/uploads\/2024\/12\/ujevi-koncert-115x146.png 115w, https:\/\/toleranciano.sk\/wp-content\/uploads\/2024\/12\/ujevi-koncert-40x50.png 40w, https:\/\/toleranciano.sk\/wp-content\/uploads\/2024\/12\/ujevi-koncert-59x75.png 59w\" sizes=\"(max-width: 610px) 100vw, 610px\" \/><\/p>\n","protected":false},"excerpt":{"rendered":"<p>&nbsp; &nbsp;<\/p>\n","protected":false},"author":2,"featured_media":0,"parent":0,"menu_order":0,"comment_status":"closed","ping_status":"closed","template":"","meta":{"ngg_post_thumbnail":0},"_links":{"self":[{"href":"https:\/\/toleranciano.sk\/hu\/wp-json\/wp\/v2\/pages\/6353"}],"collection":[{"href":"https:\/\/toleranciano.sk\/hu\/wp-json\/wp\/v2\/pages"}],"about":[{"href":"https:\/\/toleranciano.sk\/hu\/wp-json\/wp\/v2\/types\/page"}],"author":[{"embeddable":true,"href":"https:\/\/toleranciano.sk\/hu\/wp-json\/wp\/v2\/users\/2"}],"replies":[{"embeddable":true,"href":"https:\/\/toleranciano.sk\/hu\/wp-json\/wp\/v2\/comments?post=6353"}],"version-history":[{"count":4,"href":"https:\/\/toleranciano.sk\/hu\/wp-json\/wp\/v2\/pages\/6353\/revisions"}],"predecessor-version":[{"id":7626,"href":"https:\/\/toleranciano.sk\/hu\/wp-json\/wp\/v2\/pages\/6353\/revisions\/7626"}],"wp:attachment":[{"href":"https:\/\/toleranciano.sk\/hu\/wp-json\/wp\/v2\/media?parent=6353"}],"curies":[{"name":"wp","href":"https:\/\/api.w.org\/{rel}","templated":true}]}}