{"id":6297,"date":"2025-02-07T13:50:12","date_gmt":"2025-02-07T12:50:12","guid":{"rendered":"https:\/\/toleranciano.sk\/?page_id=6297"},"modified":"2026-03-10T10:54:52","modified_gmt":"2026-03-10T09:54:52","slug":"kepgaleria","status":"publish","type":"page","link":"https:\/\/toleranciano.sk\/hu\/kepgaleria\/","title":{"rendered":"K\u00e9pgal\u00e9ria"},"content":{"rendered":"<h3 style=\"text-align: center;\"><strong>Tavaszk\u00f6sz\u00f6nt\u0151 n\u0151napi j\u00f3t\u00e9konys\u00e1gi koncert Kom\u00e1romban. 2026. m\u00e1rcius 6.<\/strong><\/h3>\nngg_shortcode_0_placeholder\n<h2>&nbsp;<\/h2>\n<h2 style=\"text-align: center;\"><strong>Besz\u00e9lget\u00e9s ami nem interj\u00fa Vitray Tam\u00e1ssal Tall\u00f3son- 2026. febru\u00e1r 20.<\/strong><\/h2>\nngg_shortcode_1_placeholder\n<h2 style=\"text-align: center;\"><strong>Kar\u00e1csonyi j\u00f3t\u00e9konys\u00e1gi koncert Nagymegyer 2025. december 12.<\/strong><\/h2>\n<p><iframe title=\"Csillagf\u00e9ny Kar\u00e1csonyi J\u00f3t\u00e9konys\u00e1gi Koncert Nagymegyer\" width=\"1220\" height=\"686\" src=\"https:\/\/www.youtube.com\/embed\/oK1WMjrq5JY?feature=oembed\" frameborder=\"0\" allow=\"accelerometer; autoplay; clipboard-write; encrypted-media; gyroscope; picture-in-picture; web-share\" referrerpolicy=\"strict-origin-when-cross-origin\" allowfullscreen><\/iframe><\/p>\n<div class=\"xdj266r x14z9mp xat24cr x1lziwak x1vvkbs x126k92a\">\n<div dir=\"auto\"><span class=\"html-span xexx8yu xyri2b x18d9i69 x1c1uobl x1hl2dhg x16tdsg8 x1vvkbs x3nfvp2 x1j61x8r x1fcty0u xdj266r xat24cr xm2jcoa x1mpyi22 xxymvpz xlup9mm x1kky2od\"><img class=\"xz74otr x15mokao x1ga7v0g x16uus16 xbiv7yw\" src=\"https:\/\/static.xx.fbcdn.net\/images\/emoji.php\/v9\/te0\/1\/16\/1f31f.png\" alt=\"\ud83c\udf1f\" width=\"16\" height=\"16\"><\/span>K\u00f6sz\u00f6nj\u00fck a t\u00e1mogat\u00e1st, a tapsot \u00e9s az eg\u00e9sz \u00e9ves bizalmat! Mindez nemcsak er\u0151t adott nek\u00fcnk, hanem lehet\u0151v\u00e9 tette, hogy seg\u00edthess\u00fcnk. A mai vil\u00e1gban, amikor annyi minden elterelheti a figyelm\u00fcnket egym\u00e1sr\u00f3l, k\u00fcl\u00f6n\u00f6sen fontos, hogy ne feledkezz\u00fcnk meg a j\u00f3s\u00e1gr\u00f3l, az egy\u00fctt\u00e9rz\u00e9sr\u0151l \u00e9s arr\u00f3l, milyen sokat jelent egy apr\u00f3 figyelmess\u00e9g is. Hisz\u00fcnk abban, hogy a k\u00f6z\u00f6ss\u00e9g ereje k\u00e9pes \u00e1thidalni a neh\u00e9zs\u00e9geket, \u00e9s minden egyes gesztus k\u00f6zelebb visz benn\u00fcnket egy embers\u00e9gesebb, szeretettel telibb vil\u00e1ghoz. K\u00f6sz\u00f6nj\u00fck, hogy vel\u00fcnk voltak, \u00e9s hogy egy\u00fctt tehett\u00fcnk a j\u00f3\u00e9rt!<\/div>\n<\/div>\n<div class=\"x14z9mp xat24cr x1lziwak x1vvkbs xtlvy1s x126k92a\">\n<div dir=\"auto\"><span class=\"html-span xexx8yu xyri2b x18d9i69 x1c1uobl x1hl2dhg x16tdsg8 x1vvkbs x3nfvp2 x1j61x8r x1fcty0u xdj266r xat24cr xm2jcoa x1mpyi22 xxymvpz xlup9mm x1kky2od\"><img class=\"xz74otr x15mokao x1ga7v0g x16uus16 xbiv7yw\" src=\"https:\/\/static.xx.fbcdn.net\/images\/emoji.php\/v9\/t7\/1\/16\/1f384.png\" alt=\"\ud83c\udf84\" width=\"16\" height=\"16\"><\/span>K\u00edv\u00e1njuk, hogy az \u00fcnnepek szeretetben, meghitts\u00e9gben \u00e9s nyugalomban teljenek, az \u00faj \u00e9v pedig hozzon eg\u00e9szs\u00e9get, boldogs\u00e1got \u00e9s sok sz\u00e9p \u00e9lm\u00e9nyt.<\/div>\n<\/div>\n<div class=\"x14z9mp xat24cr x1lziwak x1vvkbs xtlvy1s x126k92a\">\n<div dir=\"auto\">Fogadj\u00e1k nagy szeretettel a Nagymegyer-i koncert felv\u00e9tel\u00e9t!<\/div>\n<div dir=\"auto\">H\u00e1l\u00e1s k\u00f6sz\u00f6net mindenkinek, aki zen\u00e9vel, tapssal, nyitott sz\u00edvvel \u00e9s t\u00e1mogat\u00e1ssal hozz\u00e1j\u00e1rult ehhez a felemel\u0151 est\u00e9hez.<\/div>\n<\/div>\nngg_shortcode_2_placeholder\n<h2 style=\"text-align: center;\"><strong>J\u00f3t\u00e9konys\u00e1gi est Kis Duna vend\u00e9gl\u0151 N\u00e1dszeg- 2025. szeptember 12.<\/strong><\/h2>\n<h4 style=\"text-align: center;\"><em>Minden kedves r\u00e9sztvev\u0151nek k\u00f6sz\u00f6nj\u00fck sz\u00edvb\u0151lj\u00f6v\u0151 adom\u00e1ny\u00e1t!<\/em><\/h4>\nngg_shortcode_3_placeholder\n<h4 style=\"text-align: center;\">&nbsp;<\/h4>\n<h2 style=\"text-align: center;\"><strong>J\u00f3t\u00e9konys\u00e1gi est M\u00f3l\u00f3 \u00e9tterem N\u00e1dszeg- 2025. j\u00fanius 20.<\/strong><\/h2>\n<h4 style=\"text-align: center;\"><em>Minden kedves r\u00e9sztvev\u0151nek k\u00f6sz\u00f6nj\u00fck sz\u00edvb\u0151lj\u00f6v\u0151 adom\u00e1ny\u00e1t!<\/em><\/h4>\n<p>&nbsp;<\/p>\nngg_shortcode_4_placeholder\n<h2 style=\"text-align: center;\"><strong><i>J\u00f3t\u00e9konys\u00e1gi zen\u00e9s est N\u00e1dszegen D\u00f3ka Zsuzs\u00e1val,B\u0151si Szab\u00f3 L\u00e1szl\u00f3val \u00e9s Ill\u00e9nyi Katic\u00e1val \u00e9s S\u00e1rik P\u00e9terrel<\/i><\/strong><\/h2>\n<h4 style=\"text-align: center;\"><em>Minden kedves r\u00e9sztvev\u0151nek k\u00f6sz\u00f6nj\u00fck sz\u00edvb\u0151lj\u00f6v\u0151 adom\u00e1ny\u00e1t!<\/em><\/h4>\n<div>&nbsp;<\/div>\nngg_shortcode_5_placeholder\n<h2 style=\"text-align: center;\"><strong><i>J\u00f3t\u00e9konys\u00e1gi zen\u00e9s kabar\u00e9 est Koltai R\u00f3berttel \u00e9s Ga\u00e1l Ildik\u00f3val<\/i><\/strong><\/h2>\n<h4 style=\"text-align: center;\"><em>Minden kedves r\u00e9sztvev\u0151nek k\u00f6sz\u00f6nj\u00fck sz\u00edvb\u0151lj\u00f6v\u0151 adom\u00e1ny\u00e1t!<\/em><\/h4>\nngg_shortcode_6_placeholder\n<h2 style=\"text-align: center;\"><strong><i>J\u00f3t\u00e9konys\u00e1gi zen\u00e9s besz\u00e9lget\u0151 est Kudlik J\u00fali\u00e1val \u00e9s Szvor\u00e1k Katalinnal&nbsp;<\/i><\/strong><\/h2>\n<h4 style=\"text-align: center;\"><em>Minden kedves r\u00e9sztvev\u0151nek k\u00f6sz\u00f6nj\u00fck sz\u00edvb\u0151lj\u00f6v\u0151 adom\u00e1ny\u00e1t!<\/em><\/h4>\n<p>&nbsp;<\/p>\nngg_shortcode_7_placeholder\n<h3>&nbsp;<\/h3>\n<p>&nbsp;<\/p>\n<h3 style=\"text-align: center;\"><strong>J\u00f3t\u00e9konys\u00e1gi besz\u00e9lget\u0151 est N\u00f3gr\u00e1di Gy\u00f6rggyel \u00e9s Gy\u00f6rgy L\u00e1szl\u00f3val Bal\u00e1zsf\u00e1n<\/strong><\/h3>\n<h4 style=\"text-align: center;\"><em>Minden kedves r\u00e9sztvev\u0151nek k\u00f6sz\u00f6nj\u00fck sz\u00edvb\u0151lj\u00f6v\u0151 adom\u00e1ny\u00e1t!<\/em><\/h4>\n<p>&nbsp;<\/p>\nngg_shortcode_8_placeholder\n<h3>&nbsp;<\/h3>\n<h3>&nbsp;<\/h3>\n<h3 style=\"text-align: center;\"><strong>Ill\u00e9nyi Katica koncert Tall\u00f3son<\/strong><\/h3>\n<h4 style=\"text-align: center;\"><em>Minden kedves r\u00e9sztvev\u0151nek k\u00f6sz\u00f6nj\u00fck sz\u00edvb\u0151lj\u00f6v\u0151 adom\u00e1ny\u00e1t!<\/em><\/h4>\n<p><img class=\"size-large wp-image-6455 aligncenter\" src=\"https:\/\/toleranciano.sk\/wp-content\/uploads\/2025\/03\/473191270_28201094196171948_3263248049119955594_n-1024x768.jpg\" alt=\"\" width=\"1024\" height=\"768\" srcset=\"https:\/\/toleranciano.sk\/wp-content\/uploads\/2025\/03\/473191270_28201094196171948_3263248049119955594_n-scaled.jpg 1024w, https:\/\/toleranciano.sk\/wp-content\/uploads\/2025\/03\/473191270_28201094196171948_3263248049119955594_n-300x225.jpg 300w, https:\/\/toleranciano.sk\/wp-content\/uploads\/2025\/03\/473191270_28201094196171948_3263248049119955594_n-768x576.jpg 768w, https:\/\/toleranciano.sk\/wp-content\/uploads\/2025\/03\/473191270_28201094196171948_3263248049119955594_n-1536x1152.jpg 1536w, https:\/\/toleranciano.sk\/wp-content\/uploads\/2025\/03\/473191270_28201094196171948_3263248049119955594_n-195x146.jpg 195w, https:\/\/toleranciano.sk\/wp-content\/uploads\/2025\/03\/473191270_28201094196171948_3263248049119955594_n-50x38.jpg 50w, https:\/\/toleranciano.sk\/wp-content\/uploads\/2025\/03\/473191270_28201094196171948_3263248049119955594_n-100x75.jpg 100w\" sizes=\"(max-width: 1024px) 100vw, 1024px\" \/> <img class=\"size-large wp-image-6457 aligncenter\" src=\"https:\/\/toleranciano.sk\/wp-content\/uploads\/2025\/03\/473261278_28201091202838914_2499971574970774426_n-768x1024.jpg\" alt=\"\" width=\"768\" height=\"1024\" srcset=\"https:\/\/toleranciano.sk\/wp-content\/uploads\/2025\/03\/473261278_28201091202838914_2499971574970774426_n-scaled.jpg 768w, https:\/\/toleranciano.sk\/wp-content\/uploads\/2025\/03\/473261278_28201091202838914_2499971574970774426_n-225x300.jpg 225w, https:\/\/toleranciano.sk\/wp-content\/uploads\/2025\/03\/473261278_28201091202838914_2499971574970774426_n-1152x1536.jpg 1152w, https:\/\/toleranciano.sk\/wp-content\/uploads\/2025\/03\/473261278_28201091202838914_2499971574970774426_n-110x146.jpg 110w, https:\/\/toleranciano.sk\/wp-content\/uploads\/2025\/03\/473261278_28201091202838914_2499971574970774426_n-38x50.jpg 38w, https:\/\/toleranciano.sk\/wp-content\/uploads\/2025\/03\/473261278_28201091202838914_2499971574970774426_n-56x75.jpg 56w\" sizes=\"(max-width: 768px) 100vw, 768px\" \/> <img class=\"size-large wp-image-6459 aligncenter\" src=\"https:\/\/toleranciano.sk\/wp-content\/uploads\/2025\/03\/473322173_28201088709505830_2293340842068495013_n-768x1024.jpg\" alt=\"\" width=\"768\" height=\"1024\" srcset=\"https:\/\/toleranciano.sk\/wp-content\/uploads\/2025\/03\/473322173_28201088709505830_2293340842068495013_n-scaled.jpg 768w, https:\/\/toleranciano.sk\/wp-content\/uploads\/2025\/03\/473322173_28201088709505830_2293340842068495013_n-225x300.jpg 225w, https:\/\/toleranciano.sk\/wp-content\/uploads\/2025\/03\/473322173_28201088709505830_2293340842068495013_n-1152x1536.jpg 1152w, https:\/\/toleranciano.sk\/wp-content\/uploads\/2025\/03\/473322173_28201088709505830_2293340842068495013_n-110x146.jpg 110w, https:\/\/toleranciano.sk\/wp-content\/uploads\/2025\/03\/473322173_28201088709505830_2293340842068495013_n-38x50.jpg 38w, https:\/\/toleranciano.sk\/wp-content\/uploads\/2025\/03\/473322173_28201088709505830_2293340842068495013_n-56x75.jpg 56w\" sizes=\"(max-width: 768px) 100vw, 768px\" \/> <img class=\"size-large wp-image-6461 aligncenter\" src=\"https:\/\/toleranciano.sk\/wp-content\/uploads\/2025\/03\/473541782_28201081462839888_951966498574414037_n-768x1024.jpg\" alt=\"\" width=\"768\" height=\"1024\" srcset=\"https:\/\/toleranciano.sk\/wp-content\/uploads\/2025\/03\/473541782_28201081462839888_951966498574414037_n-scaled.jpg 768w, https:\/\/toleranciano.sk\/wp-content\/uploads\/2025\/03\/473541782_28201081462839888_951966498574414037_n-225x300.jpg 225w, https:\/\/toleranciano.sk\/wp-content\/uploads\/2025\/03\/473541782_28201081462839888_951966498574414037_n-1152x1536.jpg 1152w, https:\/\/toleranciano.sk\/wp-content\/uploads\/2025\/03\/473541782_28201081462839888_951966498574414037_n-110x146.jpg 110w, https:\/\/toleranciano.sk\/wp-content\/uploads\/2025\/03\/473541782_28201081462839888_951966498574414037_n-38x50.jpg 38w, https:\/\/toleranciano.sk\/wp-content\/uploads\/2025\/03\/473541782_28201081462839888_951966498574414037_n-56x75.jpg 56w\" sizes=\"(max-width: 768px) 100vw, 768px\" \/> <img class=\"size-large wp-image-6463 aligncenter\" src=\"https:\/\/toleranciano.sk\/wp-content\/uploads\/2025\/03\/473543610_28201092446172123_8059123830465230212_n-1024x768.jpg\" alt=\"\" width=\"1024\" height=\"768\" srcset=\"https:\/\/toleranciano.sk\/wp-content\/uploads\/2025\/03\/473543610_28201092446172123_8059123830465230212_n-scaled.jpg 1024w, https:\/\/toleranciano.sk\/wp-content\/uploads\/2025\/03\/473543610_28201092446172123_8059123830465230212_n-300x225.jpg 300w, https:\/\/toleranciano.sk\/wp-content\/uploads\/2025\/03\/473543610_28201092446172123_8059123830465230212_n-768x576.jpg 768w, https:\/\/toleranciano.sk\/wp-content\/uploads\/2025\/03\/473543610_28201092446172123_8059123830465230212_n-1536x1152.jpg 1536w, https:\/\/toleranciano.sk\/wp-content\/uploads\/2025\/03\/473543610_28201092446172123_8059123830465230212_n-195x146.jpg 195w, https:\/\/toleranciano.sk\/wp-content\/uploads\/2025\/03\/473543610_28201092446172123_8059123830465230212_n-50x38.jpg 50w, https:\/\/toleranciano.sk\/wp-content\/uploads\/2025\/03\/473543610_28201092446172123_8059123830465230212_n-100x75.jpg 100w\" sizes=\"(max-width: 1024px) 100vw, 1024px\" \/> <img class=\"size-large wp-image-6465 aligncenter\" src=\"https:\/\/toleranciano.sk\/wp-content\/uploads\/2025\/03\/473605075_28201086179506083_6748592814484221594_n-768x1024.jpg\" alt=\"\" width=\"768\" height=\"1024\" srcset=\"https:\/\/toleranciano.sk\/wp-content\/uploads\/2025\/03\/473605075_28201086179506083_6748592814484221594_n-scaled.jpg 768w, https:\/\/toleranciano.sk\/wp-content\/uploads\/2025\/03\/473605075_28201086179506083_6748592814484221594_n-225x300.jpg 225w, https:\/\/toleranciano.sk\/wp-content\/uploads\/2025\/03\/473605075_28201086179506083_6748592814484221594_n-1152x1536.jpg 1152w, https:\/\/toleranciano.sk\/wp-content\/uploads\/2025\/03\/473605075_28201086179506083_6748592814484221594_n-110x146.jpg 110w, https:\/\/toleranciano.sk\/wp-content\/uploads\/2025\/03\/473605075_28201086179506083_6748592814484221594_n-38x50.jpg 38w, https:\/\/toleranciano.sk\/wp-content\/uploads\/2025\/03\/473605075_28201086179506083_6748592814484221594_n-56x75.jpg 56w\" sizes=\"(max-width: 768px) 100vw, 768px\" \/> <img class=\"size-large wp-image-6467 aligncenter\" src=\"https:\/\/toleranciano.sk\/wp-content\/uploads\/2025\/03\/473679742_28201197132828321_1690483232585422282_n-1024x576.jpg\" alt=\"\" width=\"1024\" height=\"576\" srcset=\"https:\/\/toleranciano.sk\/wp-content\/uploads\/2025\/03\/473679742_28201197132828321_1690483232585422282_n-scaled.jpg 1024w, https:\/\/toleranciano.sk\/wp-content\/uploads\/2025\/03\/473679742_28201197132828321_1690483232585422282_n-300x169.jpg 300w, https:\/\/toleranciano.sk\/wp-content\/uploads\/2025\/03\/473679742_28201197132828321_1690483232585422282_n-768x432.jpg 768w, https:\/\/toleranciano.sk\/wp-content\/uploads\/2025\/03\/473679742_28201197132828321_1690483232585422282_n-1536x864.jpg 1536w, https:\/\/toleranciano.sk\/wp-content\/uploads\/2025\/03\/473679742_28201197132828321_1690483232585422282_n-260x146.jpg 260w, https:\/\/toleranciano.sk\/wp-content\/uploads\/2025\/03\/473679742_28201197132828321_1690483232585422282_n-50x28.jpg 50w, https:\/\/toleranciano.sk\/wp-content\/uploads\/2025\/03\/473679742_28201197132828321_1690483232585422282_n-133x75.jpg 133w\" sizes=\"(max-width: 1024px) 100vw, 1024px\" \/> <img class=\"size-large wp-image-6469 aligncenter\" src=\"https:\/\/toleranciano.sk\/wp-content\/uploads\/2025\/03\/473808296_28201085236172844_8443530884310212496_n-768x1024.jpg\" alt=\"\" width=\"768\" height=\"1024\" srcset=\"https:\/\/toleranciano.sk\/wp-content\/uploads\/2025\/03\/473808296_28201085236172844_8443530884310212496_n-scaled.jpg 768w, https:\/\/toleranciano.sk\/wp-content\/uploads\/2025\/03\/473808296_28201085236172844_8443530884310212496_n-225x300.jpg 225w, https:\/\/toleranciano.sk\/wp-content\/uploads\/2025\/03\/473808296_28201085236172844_8443530884310212496_n-1152x1536.jpg 1152w, https:\/\/toleranciano.sk\/wp-content\/uploads\/2025\/03\/473808296_28201085236172844_8443530884310212496_n-110x146.jpg 110w, https:\/\/toleranciano.sk\/wp-content\/uploads\/2025\/03\/473808296_28201085236172844_8443530884310212496_n-38x50.jpg 38w, https:\/\/toleranciano.sk\/wp-content\/uploads\/2025\/03\/473808296_28201085236172844_8443530884310212496_n-56x75.jpg 56w\" sizes=\"(max-width: 768px) 100vw, 768px\" \/> <img class=\"size-large wp-image-6471 aligncenter\" src=\"https:\/\/toleranciano.sk\/wp-content\/uploads\/2025\/03\/474206500_28201083192839715_8324147581613268318_n-768x1024.jpg\" alt=\"\" width=\"768\" height=\"1024\" srcset=\"https:\/\/toleranciano.sk\/wp-content\/uploads\/2025\/03\/474206500_28201083192839715_8324147581613268318_n-scaled.jpg 768w, https:\/\/toleranciano.sk\/wp-content\/uploads\/2025\/03\/474206500_28201083192839715_8324147581613268318_n-225x300.jpg 225w, https:\/\/toleranciano.sk\/wp-content\/uploads\/2025\/03\/474206500_28201083192839715_8324147581613268318_n-1152x1536.jpg 1152w, https:\/\/toleranciano.sk\/wp-content\/uploads\/2025\/03\/474206500_28201083192839715_8324147581613268318_n-110x146.jpg 110w, https:\/\/toleranciano.sk\/wp-content\/uploads\/2025\/03\/474206500_28201083192839715_8324147581613268318_n-38x50.jpg 38w, https:\/\/toleranciano.sk\/wp-content\/uploads\/2025\/03\/474206500_28201083192839715_8324147581613268318_n-56x75.jpg 56w\" sizes=\"(max-width: 768px) 100vw, 768px\" \/><\/p>\n","protected":false},"excerpt":{"rendered":"<p>Tavaszk\u00f6sz\u00f6nt\u0151 n\u0151napi j\u00f3t\u00e9konys\u00e1gi koncert Kom\u00e1romban. 2026. m\u00e1rcius 6. &nbsp; &nbsp; Besz\u00e9lget\u00e9s ami nem interj\u00fa Vitray Tam\u00e1ssal Tall\u00f3son- 2026. febru\u00e1r 20. &nbsp; Kar\u00e1csonyi j\u00f3t\u00e9konys\u00e1gi koncert Nagymegyer 2025.<span class=\"excerpt-hellip\"> [\u2026]<\/span><\/p>\n","protected":false},"author":2,"featured_media":0,"parent":0,"menu_order":0,"comment_status":"closed","ping_status":"closed","template":"","meta":{"ngg_post_thumbnail":0},"_links":{"self":[{"href":"https:\/\/toleranciano.sk\/hu\/wp-json\/wp\/v2\/pages\/6297"}],"collection":[{"href":"https:\/\/toleranciano.sk\/hu\/wp-json\/wp\/v2\/pages"}],"about":[{"href":"https:\/\/toleranciano.sk\/hu\/wp-json\/wp\/v2\/types\/page"}],"author":[{"embeddable":true,"href":"https:\/\/toleranciano.sk\/hu\/wp-json\/wp\/v2\/users\/2"}],"replies":[{"embeddable":true,"href":"https:\/\/toleranciano.sk\/hu\/wp-json\/wp\/v2\/comments?post=6297"}],"version-history":[{"count":10,"href":"https:\/\/toleranciano.sk\/hu\/wp-json\/wp\/v2\/pages\/6297\/revisions"}],"predecessor-version":[{"id":7754,"href":"https:\/\/toleranciano.sk\/hu\/wp-json\/wp\/v2\/pages\/6297\/revisions\/7754"}],"wp:attachment":[{"href":"https:\/\/toleranciano.sk\/hu\/wp-json\/wp\/v2\/media?parent=6297"}],"curies":[{"name":"wp","href":"https:\/\/api.w.org\/{rel}","templated":true}]}}